{"id":12,"date":"2026-05-01T11:43:35","date_gmt":"2026-05-01T09:43:35","guid":{"rendered":"https:\/\/m3bus.dfirma.pl\/?page_id=12"},"modified":"2026-05-01T13:18:37","modified_gmt":"2026-05-01T11:18:37","slug":"strona-glowna","status":"publish","type":"page","link":"https:\/\/m3bus.dfirma.pl\/","title":{"rendered":"Strona g\u0142\u00f3wna"},"content":{"rendered":"\t\t<div data-elementor-type=\"wp-page\" data-elementor-id=\"12\" class=\"elementor elementor-12\" data-elementor-post-type=\"page\">\n\t\t\t\t<div class=\"elementor-element elementor-element-71dd5c3 e-flex e-con-boxed e-con e-parent\" data-id=\"71dd5c3\" data-element_type=\"container\" data-e-type=\"container\" data-settings=\"{&quot;background_background&quot;:&quot;classic&quot;}\">\n\t\t\t\t\t<div class=\"e-con-inner\">\n\t\t<div class=\"elementor-element elementor-element-13e4f8a e-con-full e-flex e-con e-child\" data-id=\"13e4f8a\" data-element_type=\"container\" data-e-type=\"container\">\n\t\t\t\t\t\t\t\n\t\t\t<img class=\"e-image-base e-86b47b6-8cc6257\" \n\t\t\t\t\tdata-interaction-id=\"86b47b6\" \n\t\t \n\t\t data-e-type=\"widget\" data-id=\"86b47b6\"\n\t\t\t\t\t\t\t\t\tid=\"83\"\n\t\t\t\t\t\t\t\t\t\t\t\tsrc=\"https:\/\/m3bus.dfirma.pl\/wp-content\/uploads\/2026\/05\/ellipse-21.avif\"\n\t\t\t\t\t\t\t\t\t\t\t\twidth=\"150\"\n\t\t\t\t\t\t\t\t\t\t\t\theight=\"150\"\n\t\t\t\t\t\t\t\t\t\t\t\tsrcset=\"\"\n\t\t\t\t\t\t\t\t\t\t\t\talt=\"\"\n\t\t\t\t\t\t\/>\n\t\t\t\t\t\t\t\t\n\t\t\t<img class=\"e-image-base e-74b1701-14ca96d\" \n\t\t\t\t\tdata-interaction-id=\"74b1701\" \n\t\t \n\t\t data-e-type=\"widget\" data-id=\"74b1701\"\n\t\t\t\t\t\t\t\t\tid=\"84\"\n\t\t\t\t\t\t\t\t\t\t\t\tsrc=\"https:\/\/m3bus.dfirma.pl\/wp-content\/uploads\/2026\/05\/ellipse-22.avif\"\n\t\t\t\t\t\t\t\t\t\t\t\twidth=\"150\"\n\t\t\t\t\t\t\t\t\t\t\t\theight=\"150\"\n\t\t\t\t\t\t\t\t\t\t\t\tsrcset=\"\"\n\t\t\t\t\t\t\t\t\t\t\t\talt=\"\"\n\t\t\t\t\t\t\/>\n\t\t\t\t\t\t\t\t\n\t\t\t<img class=\"e-image-base e-0c851e6-b9efb69\" \n\t\t\t\t\tdata-interaction-id=\"0c851e6\" \n\t\t \n\t\t data-e-type=\"widget\" data-id=\"0c851e6\"\n\t\t\t\t\t\t\t\t\tid=\"85\"\n\t\t\t\t\t\t\t\t\t\t\t\tsrc=\"https:\/\/m3bus.dfirma.pl\/wp-content\/uploads\/2026\/05\/ellipse-23.avif\"\n\t\t\t\t\t\t\t\t\t\t\t\twidth=\"150\"\n\t\t\t\t\t\t\t\t\t\t\t\theight=\"150\"\n\t\t\t\t\t\t\t\t\t\t\t\tsrcset=\"\"\n\t\t\t\t\t\t\t\t\t\t\t\talt=\"\"\n\t\t\t\t\t\t\/>\n\t\t\t\t\t\t\t\t\t<p class=\"e-17fc1d2-cea8297 e-paragraph-base\" data-interaction-id=\"17fc1d2\"  data-e-type=\"widget\" data-id=\"17fc1d2\">\n\t\t\t\t\t\t\t\tKomunikujemy si\u0119 w j\u0119zyku:<br>Angielskim, Niemieckim, Polskim\n\t\t\t\t\t<\/p>\n\t\t\t\t<\/div>\n\t\t<div class=\"elementor-element elementor-element-4fc4be2 e-con-full e-flex e-con e-child\" data-id=\"4fc4be2\" data-element_type=\"container\" data-e-type=\"container\">\n\t\t\t\t\t\t\t<h1 \n\t\tdata-interaction-id=\"5a3bc1b\" \n\t\tclass=\"e-5a3bc1b-f93d091 e-heading-base\" \n\t\t \n\t\tdata-e-type=\"widget\" data-id=\"5a3bc1b\"\n\t>\n\t\n\t\t\tWynajem bus\u00f3w \u2028w standardzie premium\n\t\t<\/h1>\n\t\t\t\t\t\t\t<h2 \n\t\tdata-interaction-id=\"0ed8fb2\" \n\t\tclass=\"e-0ed8fb2-248bb76 e-heading-base\" \n\t\t \n\t\tdata-e-type=\"widget\" data-id=\"0ed8fb2\"\n\t>\n\t\n\t\t\tz kierowc\u0105 lub do w\u0142asnej dyspozycji\n\t\t<\/h2>\n\t\t<div class=\"elementor-element elementor-element-d0b736d e-con-full e-flex e-con e-child\" data-id=\"d0b736d\" data-element_type=\"container\" data-e-type=\"container\">\n\t\t\t\t<div class=\"elementor-element elementor-element-961d1d1 elementor-widget elementor-widget-button\" data-id=\"961d1d1\" data-element_type=\"widget\" data-e-type=\"widget\" data-widget_type=\"button.default\">\n\t\t\t\t\t\t\t\t\t\t<a class=\"elementor-button elementor-button-link elementor-size-sm\" href=\"#\">\n\t\t\t\t\t\t<span class=\"elementor-button-content-wrapper\">\n\t\t\t\t\t\t\t\t\t<span class=\"elementor-button-text\">Dowiedz si\u0119 wi\u0119cej<\/span>\n\t\t\t\t\t<\/span>\n\t\t\t\t\t<\/a>\n\t\t\t\t\t\t\t\t<\/div>\n\t\t\t\t<div class=\"elementor-element elementor-element-4d9d0e3 elementor-position-top elementor-widget elementor-widget-image-box\" data-id=\"4d9d0e3\" data-element_type=\"widget\" data-e-type=\"widget\" data-widget_type=\"image-box.default\">\n\t\t\t\t\t<div class=\"elementor-image-box-wrapper\"><figure class=\"elementor-image-box-img\"><img decoding=\"async\" width=\"100\" height=\"20\" src=\"https:\/\/m3bus.dfirma.pl\/wp-content\/uploads\/2026\/05\/stars.svg\" class=\"attachment-full size-full wp-image-61\" alt=\"\" \/><\/figure><div class=\"elementor-image-box-content\"><h3 class=\"elementor-image-box-title\">200+ Zadowolonych klient\u00f3w<\/h3><\/div><\/div>\t\t\t\t<\/div>\n\t\t\t\t<\/div>\n\t\t\t\t<\/div>\n\t\t\t\t\t<\/div>\n\t\t\t\t<\/div>\n\t\t\t\t<div class=\"elementor-element elementor-element-bfca45b e-con e-atomic-element e-div-block-base e-bfca45b-3080756\" data-id=\"bfca45b\" data-element_type=\"e-div-block\" data-e-type=\"e-div-block\" data-interaction-id=\"bfca45b\" data-e-type=\"e-div-block\" data-id=\"bfca45b\">\n\t\t\t\t\t\t\t<h1 \n\t\tdata-interaction-id=\"9cf388f\" \n\t\tclass=\"e-9cf388f-cfb483d e-heading-base\" \n\t\t \n\t\tdata-e-type=\"widget\" data-id=\"9cf388f\"\n\t>\n\t\n\t\t\tDowieziemy Ci\u0119 tam,<br>gdzie liczy si\u0119 komfort\n\t\t<\/h1>\n\t\t\t\t\t\t\t\t<p class=\"e-97d559e-f6693cb e-paragraph-base\" data-interaction-id=\"97d559e\"  data-e-type=\"widget\" data-id=\"97d559e\">\n\t\t\t\t\t\t\t\tSkonfiguruj swoj\u0105 podr\u00f3\u017c tak, jak lubisz, od szybkich transfer\u00f3w lotniskowych po luksusow\u0105 obs\u0142ug\u0119 VIP \u2028i logistyk\u0119 event\u00f3w.  Wiemy, \u017ce ka\u017cda wsp\u00f3lna droga powinna by\u0107 po prostu lepsza.\n\t\t\t\t\t<\/p>\n\t\t\t\t<div class=\"elementor-element elementor-element-2c3141d elementor-widget elementor-widget-button\" data-id=\"2c3141d\" data-element_type=\"widget\" data-e-type=\"widget\" data-widget_type=\"button.default\">\n\t\t\t\t\t\t\t\t\t\t<a class=\"elementor-button elementor-button-link elementor-size-sm\" href=\"#\">\n\t\t\t\t\t\t<span class=\"elementor-button-content-wrapper\">\n\t\t\t\t\t\t<span class=\"elementor-button-icon\">\n\t\t\t\t<svg xmlns=\"http:\/\/www.w3.org\/2000\/svg\" width=\"12\" height=\"12\" viewBox=\"0 0 12 12\" fill=\"none\"><path d=\"M12 6.25H6.25V12H5.75V6.25H0V5.75H5.75V0H6.25V5.75H12V6.25Z\" fill=\"currentColor\"><\/path><\/svg>\t\t\t<\/span>\n\t\t\t\t\t\t\t\t\t<span class=\"elementor-button-text\">Poznaj specyfikacj\u0119 floty<\/span>\n\t\t\t\t\t<\/span>\n\t\t\t\t\t<\/a>\n\t\t\t\t\t\t\t\t<\/div>\n\t\t<div class=\"elementor-element elementor-element-ad0ca40 e-grid e-con-boxed e-con e-parent\" data-id=\"ad0ca40\" data-element_type=\"container\" data-e-type=\"container\">\n\t\t\t\t\t<div class=\"e-con-inner\">\n\t\t\t\t<div class=\"elementor-element elementor-element-8e80e9a e-con e-atomic-element e-div-block-base\" data-id=\"8e80e9a\" data-element_type=\"e-div-block\" data-e-type=\"e-div-block\" data-interaction-id=\"8e80e9a\" data-e-type=\"e-div-block\" data-id=\"8e80e9a\">\n\t\t\t\t<\/div>\n\t\t\t\t<div class=\"elementor-element elementor-element-87f07d7 elementor-cta--skin-cover elementor-cta--valign-bottom elementor-bg-transform elementor-bg-transform-zoom-in elementor-widget elementor-widget-call-to-action\" data-id=\"87f07d7\" data-element_type=\"widget\" data-e-type=\"widget\" data-widget_type=\"call-to-action.default\">\n\t\t\t\t\t\t\t<div class=\"elementor-cta\">\r\n\t\t\t\t\t<div class=\"elementor-cta__bg-wrapper\">\r\n\t\t\t\t<div class=\"elementor-cta__bg elementor-bg\" style=\"background-image: url(https:\/\/m3bus.dfirma.pl\/wp-content\/uploads\/2026\/05\/cta-1.avif);\" role=\"img\" aria-label=\"cta 1\"><\/div>\r\n\t\t\t\t<div class=\"elementor-cta__bg-overlay\"><\/div>\r\n\t\t\t<\/div>\r\n\t\t\t\t\t\t\t<div class=\"elementor-cta__content\">\r\n\t\t\t\t\r\n\t\t\t\t\t\t\t\t\t<h3 class=\"elementor-cta__title elementor-cta__content-item elementor-content-item\">\r\n\t\t\t\t\t\tWynajem bus\u00f3w osobowych\t\t\t\t\t<\/h3>\r\n\t\t\t\t\r\n\t\t\t\t\r\n\t\t\t\t\t\t\t<\/div>\r\n\t\t\t\t\t\t<\/div>\r\n\t\t\t\t\t\t<\/div>\n\t\t\t\t<div class=\"elementor-element elementor-element-03a8cfa elementor-cta--skin-cover elementor-cta--valign-bottom elementor-bg-transform elementor-bg-transform-zoom-in elementor-widget elementor-widget-call-to-action\" data-id=\"03a8cfa\" data-element_type=\"widget\" data-e-type=\"widget\" data-widget_type=\"call-to-action.default\">\n\t\t\t\t\t\t\t<div class=\"elementor-cta\">\r\n\t\t\t\t\t<div class=\"elementor-cta__bg-wrapper\">\r\n\t\t\t\t<div class=\"elementor-cta__bg elementor-bg\" style=\"background-image: url(https:\/\/m3bus.dfirma.pl\/wp-content\/uploads\/2026\/05\/cta-2.avif);\" role=\"img\" aria-label=\"cta 2\"><\/div>\r\n\t\t\t\t<div class=\"elementor-cta__bg-overlay\"><\/div>\r\n\t\t\t<\/div>\r\n\t\t\t\t\t\t\t<div class=\"elementor-cta__content\">\r\n\t\t\t\t\r\n\t\t\t\t\t\t\t\t\t<h3 class=\"elementor-cta__title elementor-cta__content-item elementor-content-item\">\r\n\t\t\t\t\t\tTransfery lotniskowe\t\t\t\t\t<\/h3>\r\n\t\t\t\t\r\n\t\t\t\t\r\n\t\t\t\t\t\t\t<\/div>\r\n\t\t\t\t\t\t<\/div>\r\n\t\t\t\t\t\t<\/div>\n\t\t\t\t<div class=\"elementor-element elementor-element-b707655 elementor-cta--skin-cover elementor-cta--valign-bottom elementor-bg-transform elementor-bg-transform-zoom-in elementor-widget elementor-widget-call-to-action\" data-id=\"b707655\" data-element_type=\"widget\" data-e-type=\"widget\" data-widget_type=\"call-to-action.default\">\n\t\t\t\t\t\t\t<div class=\"elementor-cta\">\r\n\t\t\t\t\t<div class=\"elementor-cta__bg-wrapper\">\r\n\t\t\t\t<div class=\"elementor-cta__bg elementor-bg\" style=\"background-image: url(https:\/\/m3bus.dfirma.pl\/wp-content\/uploads\/2026\/05\/cta-3.avif);\" role=\"img\" aria-label=\"cta 3\"><\/div>\r\n\t\t\t\t<div class=\"elementor-cta__bg-overlay\"><\/div>\r\n\t\t\t<\/div>\r\n\t\t\t\t\t\t\t<div class=\"elementor-cta__content\">\r\n\t\t\t\t\r\n\t\t\t\t\t\t\t\t\t<h3 class=\"elementor-cta__title elementor-cta__content-item elementor-content-item\">\r\n\t\t\t\t\t\tWynajem  okazjonalny\t\t\t\t\t<\/h3>\r\n\t\t\t\t\r\n\t\t\t\t\r\n\t\t\t\t\t\t\t<\/div>\r\n\t\t\t\t\t\t<\/div>\r\n\t\t\t\t\t\t<\/div>\n\t\t\t\t<div class=\"elementor-element elementor-element-84b0291 elementor-cta--skin-cover elementor-cta--valign-bottom elementor-bg-transform elementor-bg-transform-zoom-in elementor-widget elementor-widget-call-to-action\" data-id=\"84b0291\" data-element_type=\"widget\" data-e-type=\"widget\" data-widget_type=\"call-to-action.default\">\n\t\t\t\t\t\t\t<div class=\"elementor-cta\">\r\n\t\t\t\t\t<div class=\"elementor-cta__bg-wrapper\">\r\n\t\t\t\t<div class=\"elementor-cta__bg elementor-bg\" style=\"background-image: url(https:\/\/m3bus.dfirma.pl\/wp-content\/uploads\/2026\/05\/cta-4.avif);\" role=\"img\" aria-label=\"cta 4\"><\/div>\r\n\t\t\t\t<div class=\"elementor-cta__bg-overlay\"><\/div>\r\n\t\t\t<\/div>\r\n\t\t\t\t\t\t\t<div class=\"elementor-cta__content\">\r\n\t\t\t\t\r\n\t\t\t\t\t\t\t\t\t<h3 class=\"elementor-cta__title elementor-cta__content-item elementor-content-item\">\r\n\t\t\t\t\t\tWynajem VIP z kierowc\u0105\t\t\t\t\t<\/h3>\r\n\t\t\t\t\r\n\t\t\t\t\r\n\t\t\t\t\t\t\t<\/div>\r\n\t\t\t\t\t\t<\/div>\r\n\t\t\t\t\t\t<\/div>\n\t\t\t\t<div class=\"elementor-element elementor-element-b7501df elementor-cta--skin-cover elementor-cta--valign-bottom elementor-bg-transform elementor-bg-transform-zoom-in elementor-widget elementor-widget-call-to-action\" data-id=\"b7501df\" data-element_type=\"widget\" data-e-type=\"widget\" data-widget_type=\"call-to-action.default\">\n\t\t\t\t\t\t\t<div class=\"elementor-cta\">\r\n\t\t\t\t\t<div class=\"elementor-cta__bg-wrapper\">\r\n\t\t\t\t<div class=\"elementor-cta__bg elementor-bg\" style=\"background-image: url(https:\/\/m3bus.dfirma.pl\/wp-content\/uploads\/2026\/05\/cta-2.avif);\" role=\"img\" aria-label=\"cta 2\"><\/div>\r\n\t\t\t\t<div class=\"elementor-cta__bg-overlay\"><\/div>\r\n\t\t\t<\/div>\r\n\t\t\t\t\t\t\t<div class=\"elementor-cta__content\">\r\n\t\t\t\t\r\n\t\t\t\t\t\t\t\t\t<h3 class=\"elementor-cta__title elementor-cta__content-item elementor-content-item\">\r\n\t\t\t\t\t\tTransfery lotniskowe\t\t\t\t\t<\/h3>\r\n\t\t\t\t\r\n\t\t\t\t\r\n\t\t\t\t\t\t\t<\/div>\r\n\t\t\t\t\t\t<\/div>\r\n\t\t\t\t\t\t<\/div>\n\t\t\t\t\t<\/div>\n\t\t\t\t<\/div>\n\t\t\t\t<\/div>\n\t\t\t\t<\/div>\n\t\t","protected":false},"excerpt":{"rendered":"<p>Komunikujemy si\u0119 w j\u0119zyku:Angielskim, Niemieckim, Polskim Wynajem bus\u00f3w \u2028w standardzie premium z kierowc\u0105 lub do w\u0142asnej dyspozycji Dowiedz si\u0119 wi\u0119cej 200+ Zadowolonych klient\u00f3w Dowieziemy Ci\u0119 tam,gdzie liczy si\u0119 komfort Skonfiguruj swoj\u0105 podr\u00f3\u017c tak, jak lubisz, od szybkich transfer\u00f3w lotniskowych po luksusow\u0105 obs\u0142ug\u0119 VIP \u2028i logistyk\u0119 event\u00f3w. Wiemy, \u017ce ka\u017cda wsp\u00f3lna droga powinna by\u0107 po prostu [&hellip;]<\/p>\n","protected":false},"author":1,"featured_media":0,"parent":0,"menu_order":0,"comment_status":"closed","ping_status":"closed","template":"","meta":{"footnotes":""},"class_list":["post-12","page","type-page","status-publish","hentry"],"_links":{"self":[{"href":"https:\/\/m3bus.dfirma.pl\/index.php\/wp-json\/wp\/v2\/pages\/12","targetHints":{"allow":["GET"]}}],"collection":[{"href":"https:\/\/m3bus.dfirma.pl\/index.php\/wp-json\/wp\/v2\/pages"}],"about":[{"href":"https:\/\/m3bus.dfirma.pl\/index.php\/wp-json\/wp\/v2\/types\/page"}],"author":[{"embeddable":true,"href":"https:\/\/m3bus.dfirma.pl\/index.php\/wp-json\/wp\/v2\/users\/1"}],"replies":[{"embeddable":true,"href":"https:\/\/m3bus.dfirma.pl\/index.php\/wp-json\/wp\/v2\/comments?post=12"}],"version-history":[{"count":124,"href":"https:\/\/m3bus.dfirma.pl\/index.php\/wp-json\/wp\/v2\/pages\/12\/revisions"}],"predecessor-version":[{"id":156,"href":"https:\/\/m3bus.dfirma.pl\/index.php\/wp-json\/wp\/v2\/pages\/12\/revisions\/156"}],"wp:attachment":[{"href":"https:\/\/m3bus.dfirma.pl\/index.php\/wp-json\/wp\/v2\/media?parent=12"}],"curies":[{"name":"wp","href":"https:\/\/api.w.org\/{rel}","templated":true}]}}